{"id":16,"date":"2025-10-08T16:12:41","date_gmt":"2025-10-08T16:12:41","guid":{"rendered":"https:\/\/salmon-ferret-437185.hostingersite.com\/projects\/"},"modified":"2025-10-24T14:02:20","modified_gmt":"2025-10-24T14:02:20","slug":"projects","status":"publish","type":"page","link":"https:\/\/construccionesyreformasfran.com\/en\/projects\/","title":{"rendered":"Projects"},"content":{"rendered":"<div data-elementor-type=\"wp-page\" data-elementor-id=\"16\" class=\"elementor elementor-16\">\n\t\t\t\t<div class=\"elementor-element elementor-element-dc6336a e-flex e-con-boxed e-con e-parent\" data-id=\"dc6336a\" data-element_type=\"container\">\n\t\t\t\t\t<div class=\"e-con-inner\">\n\t\t\t\t<div class=\"elementor-element elementor-element-f103367 elementor-widget-divider--view-line elementor-widget elementor-widget-divider\" data-id=\"f103367\" data-element_type=\"widget\" data-widget_type=\"divider.default\">\n\t\t\t\t\t\t\t<div class=\"elementor-divider\">\n\t\t\t<span class=\"elementor-divider-separator\">\n\t\t\t\t\t\t<\/span>\n\t\t<\/div>\n\t\t\t\t\t\t<\/div>\n\t\t\t\t<div class=\"elementor-element elementor-element-e6caf4a elementor-widget elementor-widget-heading\" data-id=\"e6caf4a\" data-element_type=\"widget\" data-widget_type=\"heading.default\">\n\t\t\t\t\t<h3 class=\"elementor-heading-title elementor-size-default\">Nuestros Proyectos <\/h3>\t\t\t\t<\/div>\n\t\t\t\t<div class=\"elementor-element elementor-element-af4b9ee elementor-widget-divider--view-line elementor-widget elementor-widget-divider\" data-id=\"af4b9ee\" data-element_type=\"widget\" data-widget_type=\"divider.default\">\n\t\t\t\t\t\t\t<div class=\"elementor-divider\">\n\t\t\t<span class=\"elementor-divider-separator\">\n\t\t\t\t\t\t<\/span>\n\t\t<\/div>\n\t\t\t\t\t\t<\/div>\n\t\t<div class=\"elementor-element elementor-element-a0ec98b e-grid e-con-full e-con e-child\" data-id=\"a0ec98b\" data-element_type=\"container\">\n\t\t\t\t<div class=\"elementor-element elementor-element-6517906 elementor-position-top elementor-widget elementor-widget-image-box\" data-id=\"6517906\" data-element_type=\"widget\" data-widget_type=\"image-box.default\">\n\t\t\t\t\t<div class=\"elementor-image-box-wrapper\"><figure class=\"elementor-image-box-img\"><a href=\"https:\/\/construccionesyreformasfran.com\/en\/construccion-de-chalet-en-majadahonda\/\" tabindex=\"-1\"><img decoding=\"async\" src=\"https:\/\/construccionesyreformasfran.com\/wp-content\/uploads\/elementor\/thumbs\/habitacion-vacia-iluminada-por-el-sol-con-pisos-de-madera-blanca-y-paredes-neutrales-scaled-rdiadhpv20trjkygdarq1qd7exvtf0z6v0gx407sao.jpg\" title=\"Sunlit empty room with hardwood floors, white trim, and neutral walls.\" alt=\"Sunlit empty room with hardwood floors, white trim, and neutral walls.\" loading=\"lazy\" \/><\/a><\/figure><div class=\"elementor-image-box-content\"><h4 class=\"elementor-image-box-title\"><a href=\"https:\/\/construccionesyreformasfran.com\/en\/construccion-de-chalet-en-majadahonda\/\">Majadahonda<\/a><\/h4><\/div><\/div>\t\t\t\t<\/div>\n\t\t\t\t<div class=\"elementor-element elementor-element-62e7edd elementor-position-top elementor-widget elementor-widget-image-box\" data-id=\"62e7edd\" data-element_type=\"widget\" data-widget_type=\"image-box.default\">\n\t\t\t\t\t<div class=\"elementor-image-box-wrapper\"><figure class=\"elementor-image-box-img\"><a href=\"https:\/\/construccionesyreformasfran.com\/en\/construccion-de-chale-torrejon-de\/\" tabindex=\"-1\"><img decoding=\"async\" src=\"https:\/\/construccionesyreformasfran.com\/wp-content\/uploads\/elementor\/thumbs\/visualizacion-3d-de-una-sala-de-estar-moderna-concepto-de-interiores-interior-de-una-casa-de-lujo-scaled-rdcfbnk68xyju38nelb8yiqay8npvp36l7he4jltds.jpg\" title=\"visualizacion-3d-de-una-sala-de-estar-moderna-concepto-de-interiores-interior-de-una-casa-de-lujo\" alt=\"visualizacion-3d-de-una-sala-de-estar-moderna-concepto-de-interiores-interior-de-una-casa-de-lujo\" loading=\"lazy\" \/><\/a><\/figure><div class=\"elementor-image-box-content\"><h4 class=\"elementor-image-box-title\"><a href=\"https:\/\/construccionesyreformasfran.com\/en\/construccion-de-chale-torrejon-de\/\">Salamanca<\/a><\/h4><\/div><\/div>\t\t\t\t<\/div>\n\t\t\t\t<div class=\"elementor-element elementor-element-bc2e8de elementor-position-top elementor-widget elementor-widget-image-box\" data-id=\"bc2e8de\" data-element_type=\"widget\" data-widget_type=\"image-box.default\">\n\t\t\t\t\t<div class=\"elementor-image-box-wrapper\"><figure class=\"elementor-image-box-img\"><a href=\"https:\/\/construccionesyreformasfran.com\/en\/reforma-de-cocina-en-leganes\/\" tabindex=\"-1\"><img decoding=\"async\" src=\"https:\/\/construccionesyreformasfran.com\/wp-content\/uploads\/elementor\/thumbs\/interior-moderno-scaled-rdcf89d5khb9ws6584hqydkdq5e031m2seo9qkmzuo.jpg\" title=\"modern interior\" alt=\"modern interior design(3D rendering)\" loading=\"lazy\" \/><\/a><\/figure><div class=\"elementor-image-box-content\"><h4 class=\"elementor-image-box-title\"><a href=\"https:\/\/construccionesyreformasfran.com\/en\/reforma-de-cocina-en-leganes\/\">Retiro<\/a><\/h4><\/div><\/div>\t\t\t\t<\/div>\n\t\t\t\t<div class=\"elementor-element elementor-element-476e070 elementor-position-top elementor-widget elementor-widget-image-box\" data-id=\"476e070\" data-element_type=\"widget\" data-widget_type=\"image-box.default\">\n\t\t\t\t\t<div class=\"elementor-image-box-wrapper\"><figure class=\"elementor-image-box-img\"><a href=\"https:\/\/construccionesyreformasfran.com\/en\/reforma-de-vivienda-unifamiliar-en-las-rozas\/\" tabindex=\"-1\"><img decoding=\"async\" src=\"https:\/\/construccionesyreformasfran.com\/wp-content\/uploads\/elementor\/thumbs\/diseno-interior-moderno-con-escalera-y-area-de-vivienda-de-concepto-abierto-scaled-rdcf83q4fh3jz4ec521zjezm5u5ssuzormrcuwvcw0.jpg\" title=\"diseno-interior-moderno-con-escalera-y-area-de-vivienda-de-concepto-abierto\" alt=\"diseno-interior-moderno-con-escalera-y-area-de-vivienda-de-concepto-abierto\" loading=\"lazy\" \/><\/a><\/figure><div class=\"elementor-image-box-content\"><h4 class=\"elementor-image-box-title\"><a href=\"https:\/\/construccionesyreformasfran.com\/en\/reforma-de-vivienda-unifamiliar-en-las-rozas\/\">Las Rozas<\/a><\/h4><\/div><\/div>\t\t\t\t<\/div>\n\t\t\t\t<div class=\"elementor-element elementor-element-e364821 elementor-position-top elementor-widget elementor-widget-image-box\" data-id=\"e364821\" data-element_type=\"widget\" data-widget_type=\"image-box.default\">\n\t\t\t\t\t<div class=\"elementor-image-box-wrapper\"><figure class=\"elementor-image-box-img\"><a href=\"https:\/\/construccionesyreformasfran.com\/en\/remodelacion-de-escalera-en-torrelodones\/\" tabindex=\"-1\"><img decoding=\"async\" src=\"https:\/\/construccionesyreformasfran.com\/wp-content\/uploads\/elementor\/thumbs\/una-escalera-con-una-puerta-que-conduce-un-patio-y-una-palmera-rdcf8d4ibtgf780om6498cm83ovgxu104xa7nohf5s.jpg\" title=\"una-escalera-con-una-puerta-que-conduce-un-patio-y-una-palmera\" alt=\"una-escalera-con-una-puerta-que-conduce-un-patio-y-una-palmera\" loading=\"lazy\" \/><\/a><\/figure><div class=\"elementor-image-box-content\"><h4 class=\"elementor-image-box-title\"><a href=\"https:\/\/construccionesyreformasfran.com\/en\/remodelacion-de-escalera-en-torrelodones\/\">Torrelodones<\/a><\/h4><\/div><\/div>\t\t\t\t<\/div>\n\t\t\t\t<div class=\"elementor-element elementor-element-24eb32c elementor-position-top elementor-widget elementor-widget-image-box\" data-id=\"24eb32c\" data-element_type=\"widget\" data-widget_type=\"image-box.default\">\n\t\t\t\t\t<div class=\"elementor-image-box-wrapper\"><figure class=\"elementor-image-box-img\"><a href=\"https:\/\/construccionesyreformasfran.com\/en\/remodelacion-de-un-piso-en-getafe\/\" tabindex=\"-1\"><img decoding=\"async\" src=\"https:\/\/construccionesyreformasfran.com\/wp-content\/uploads\/elementor\/thumbs\/una-sala-de-estar-con-un-sofa-y-una-mesa-con-una-lampara-scaled-rdcbasnl03nqlhnl9z52p2oz8inbmy0dc83jlee0ao.jpg\" title=\"una-sala-de-estar-con-un-sofa-y-una-mesa-con-una-lampara\" alt=\"una-sala-de-estar-con-un-sofa-y-una-mesa-con-una-lampara\" loading=\"lazy\" \/><\/a><\/figure><div class=\"elementor-image-box-content\"><h4 class=\"elementor-image-box-title\"><a href=\"https:\/\/construccionesyreformasfran.com\/en\/remodelacion-de-un-piso-en-getafe\/\">Getafe<\/a><\/h4><\/div><\/div>\t\t\t\t<\/div>\n\t\t\t\t<\/div>\n\t\t\t\t\t<\/div>\n\t\t\t\t<\/div>\n\t\t<div class=\"elementor-element elementor-element-dc28953 e-flex e-con-boxed e-con e-parent\" data-id=\"dc28953\" data-element_type=\"container\">\n\t\t\t\t\t<div class=\"e-con-inner\">\n\t\t<div class=\"elementor-element elementor-element-706e1cd e-grid e-con-full e-con e-child\" data-id=\"706e1cd\" data-element_type=\"container\">\n\t\t\t\t<div class=\"elementor-element elementor-element-924fda5 elementor-position-top elementor-widget elementor-widget-image-box\" data-id=\"924fda5\" data-element_type=\"widget\" data-widget_type=\"image-box.default\">\n\t\t\t\t\t<div class=\"elementor-image-box-wrapper\"><figure class=\"elementor-image-box-img\"><a href=\"https:\/\/construccionesyreformasfran.com\/en\/reforma-de-un-piso-en-chamberi-madrid\/\" tabindex=\"-1\"><img decoding=\"async\" src=\"https:\/\/construccionesyreformasfran.com\/wp-content\/uploads\/elementor\/thumbs\/comedor-moderno-y-minimalista-rdijmagqscei5djr25ihur2f05k8p45xa7ns0urta8.jpg\" title=\"comedor-moderno-y-minimalista\" alt=\"comedor-moderno-y-minimalista\" loading=\"lazy\" \/><\/a><\/figure><div class=\"elementor-image-box-content\"><h4 class=\"elementor-image-box-title\"><a href=\"https:\/\/construccionesyreformasfran.com\/en\/reforma-de-un-piso-en-chamberi-madrid\/\">Chamber\u00ed<\/a><\/h4><\/div><\/div>\t\t\t\t<\/div>\n\t\t\t\t<div class=\"elementor-element elementor-element-9024fe5 elementor-position-top elementor-widget elementor-widget-image-box\" data-id=\"9024fe5\" data-element_type=\"widget\" data-widget_type=\"image-box.default\">\n\t\t\t\t\t<div class=\"elementor-image-box-wrapper\"><figure class=\"elementor-image-box-img\"><a href=\"https:\/\/construccionesyreformasfran.com\/en\/reforma-de-un-piso-en-chamartin-madrid\/\" tabindex=\"-1\"><img decoding=\"async\" src=\"https:\/\/construccionesyreformasfran.com\/wp-content\/uploads\/elementor\/thumbs\/el-moderno-rincon-de-comedor-minimalista-rdijmda9cuid47fnloqdk8cssb6cc7h4alm8gonmrk.jpg\" title=\"el-moderno-rincon-de-comedor-minimalista\" alt=\"el-moderno-rincon-de-comedor-minimalista\" loading=\"lazy\" \/><\/a><\/figure><div class=\"elementor-image-box-content\"><h4 class=\"elementor-image-box-title\"><a href=\"https:\/\/construccionesyreformasfran.com\/en\/reforma-de-un-piso-en-chamartin-madrid\/\">Chamart\u00edn<\/a><\/h4><\/div><\/div>\t\t\t\t<\/div>\n\t\t\t\t<div class=\"elementor-element elementor-element-944011f elementor-position-top elementor-widget elementor-widget-image-box\" data-id=\"944011f\" data-element_type=\"widget\" data-widget_type=\"image-box.default\">\n\t\t\t\t\t<div class=\"elementor-image-box-wrapper\"><figure class=\"elementor-image-box-img\"><a href=\"https:\/\/construccionesyreformasfran.com\/en\/reforma-de-una-vivienda-en-moncloa-madrid\/\" tabindex=\"-1\"><img decoding=\"async\" src=\"https:\/\/construccionesyreformasfran.com\/wp-content\/uploads\/elementor\/thumbs\/creative-composition-of-living-room-interior-with-2024-10-17-17-48-42-utc-scaled-rdijqu0ntime9iy6j47kwlsmd763wg77wp69j01b7k.jpg\" title=\"Open space interior with modular sofa, wooden coffee table, big\" alt=\"Open space interior with modular sofa, wooden coffee table, big window, patterned pillows, braided plaid, stylish lamp, beige coffee table, plants and personal accessories. Home decor. Template.\" loading=\"lazy\" \/><\/a><\/figure><div class=\"elementor-image-box-content\"><h4 class=\"elementor-image-box-title\"><a href=\"https:\/\/construccionesyreformasfran.com\/en\/reforma-de-una-vivienda-en-moncloa-madrid\/\">Moncloa<\/a><\/h4><\/div><\/div>\t\t\t\t<\/div>\n\t\t\t\t<div class=\"elementor-element elementor-element-b512060 elementor-position-top elementor-widget elementor-widget-image-box\" data-id=\"b512060\" data-element_type=\"widget\" data-widget_type=\"image-box.default\">\n\t\t\t\t\t<div class=\"elementor-image-box-wrapper\"><figure class=\"elementor-image-box-img\"><a href=\"https:\/\/construccionesyreformasfran.com\/en\/reforma-de-un-duplex-en-pozuelo-de-alarcon\/\" tabindex=\"-1\"><img decoding=\"async\" src=\"https:\/\/construccionesyreformasfran.com\/wp-content\/uploads\/elementor\/thumbs\/stylish-composition-of-stairs-in-living-room-inter-2024-10-18-05-37-40-utc-scaled-rdijrhimkdikbs01pwd94xv57tya8vsibxheix2gw0.jpg\" title=\"Stylish composition of stairs in living room interior. Grey sofa\" alt=\"Stylish composition of stairs in living room interior. Grey sofa, green velvet armchair, coffee table and minimalist personal accessories. Modern home decor. Template.\" loading=\"lazy\" \/><\/a><\/figure><div class=\"elementor-image-box-content\"><h4 class=\"elementor-image-box-title\"><a href=\"https:\/\/construccionesyreformasfran.com\/en\/reforma-de-un-duplex-en-pozuelo-de-alarcon\/\">Pozuelo de Alarc\u00f3n<\/a><\/h4><\/div><\/div>\t\t\t\t<\/div>\n\t\t\t\t<div class=\"elementor-element elementor-element-f04d52e elementor-position-top elementor-widget elementor-widget-image-box\" data-id=\"f04d52e\" data-element_type=\"widget\" data-widget_type=\"image-box.default\">\n\t\t\t\t\t<div class=\"elementor-image-box-wrapper\"><figure class=\"elementor-image-box-img\"><a href=\"https:\/\/construccionesyreformasfran.com\/en\/reforma-de-un-comedor-en-torrelodones\/\" tabindex=\"-1\"><img decoding=\"async\" src=\"https:\/\/construccionesyreformasfran.com\/wp-content\/uploads\/elementor\/thumbs\/urban-apartment-dining-and-living-room-interior-2025-10-03-20-46-05-utc-scaled-rdijtvzs14sxzwifoxqxic1jva41x1btbti2odi8zk.jpg\" title=\"urban-apartment-dining-and-living-room-interior-2025-10-03-20-46-05-utc\" alt=\"urban-apartment-dining-and-living-room-interior-2025-10-03-20-46-05-utc\" loading=\"lazy\" \/><\/a><\/figure><div class=\"elementor-image-box-content\"><h4 class=\"elementor-image-box-title\"><a href=\"https:\/\/construccionesyreformasfran.com\/en\/reforma-de-un-comedor-en-torrelodones\/\">Torrelodones<\/a><\/h4><\/div><\/div>\t\t\t\t<\/div>\n\t\t\t\t<div class=\"elementor-element elementor-element-818a5bf elementor-position-top elementor-widget elementor-widget-image-box\" data-id=\"818a5bf\" data-element_type=\"widget\" data-widget_type=\"image-box.default\">\n\t\t\t\t\t<div class=\"elementor-image-box-wrapper\"><figure class=\"elementor-image-box-img\"><a href=\"https:\/\/construccionesyreformasfran.com\/en\/reforma-de-un-piso-en-villaviciosa-de-odon\/\" tabindex=\"-1\"><img decoding=\"async\" src=\"https:\/\/construccionesyreformasfran.com\/wp-content\/uploads\/elementor\/thumbs\/open-character-of-modern-interior-2024-10-20-14-37-32-utc-scaled-rdijvmyyr175lryyh6yxne5fo3hn8r9twh7ltwwveo.jpg\" title=\"Open character of modern interior\" alt=\"Part of a house which shows an open character of interior modern architecture\" loading=\"lazy\" \/><\/a><\/figure><div class=\"elementor-image-box-content\"><h4 class=\"elementor-image-box-title\"><a href=\"https:\/\/construccionesyreformasfran.com\/en\/reforma-de-un-piso-en-villaviciosa-de-odon\/\">Villaviciosa de Od\u00f3n<\/a><\/h4><\/div><\/div>\t\t\t\t<\/div>\n\t\t\t\t<\/div>\n\t\t\t\t\t<\/div>\n\t\t\t\t<\/div>\n\t\t\t\t<\/div>","protected":false},"excerpt":{"rendered":"<p>Nuestros Proyectos Majadahonda Salamanca Retiro Las Rozas Torrelodones Getafe Chamber\u00ed Chamart\u00edn Moncloa Pozuelo de Alarc\u00f3n Torrelodones Villaviciosa de Od\u00f3n<\/p>","protected":false},"author":1,"featured_media":0,"parent":0,"menu_order":0,"comment_status":"closed","ping_status":"closed","template":"elementor_header_footer","meta":{"_eb_attr":"","footnotes":""},"class_list":["post-16","page","type-page","status-publish","hentry"],"yoast_head":"<!-- This site is optimized with the Yoast SEO plugin v26.2 - https:\/\/yoast.com\/wordpress\/plugins\/seo\/ -->\n<title>Projects - Reformas y construcciones Fran<\/title>\n<meta name=\"robots\" content=\"index, follow, max-snippet:-1, max-image-preview:large, max-video-preview:-1\" \/>\n<link rel=\"canonical\" href=\"https:\/\/construccionesyreformasfran.com\/en\/projects\/\" \/>\n<meta property=\"og:locale\" content=\"en_GB\" \/>\n<meta property=\"og:type\" content=\"article\" \/>\n<meta property=\"og:title\" content=\"Projects - Reformas y construcciones Fran\" \/>\n<meta property=\"og:description\" content=\"Nuestros Proyectos Majadahonda Salamanca Retiro Las Rozas Torrelodones Getafe Chamber\u00ed Chamart\u00edn Moncloa Pozuelo de Alarc\u00f3n Torrelodones Villaviciosa de Od\u00f3n\" \/>\n<meta property=\"og:url\" content=\"https:\/\/construccionesyreformasfran.com\/en\/projects\/\" \/>\n<meta property=\"og:site_name\" content=\"Reformas y construcciones Fran\" \/>\n<meta property=\"article:modified_time\" content=\"2025-10-24T14:02:20+00:00\" \/>\n<meta property=\"og:image\" content=\"https:\/\/construccionesyreformasfran.com\/wp-content\/uploads\/elementor\/thumbs\/habitacion-vacia-iluminada-por-el-sol-con-pisos-de-madera-blanca-y-paredes-neutrales-scaled-rdiadhpv20trjkygdarq1qd7exvtf0z6v0gx407sao.jpg\" \/>\n<meta name=\"twitter:card\" content=\"summary_large_image\" \/>\n<meta name=\"twitter:label1\" content=\"Estimated reading time\" \/>\n\t<meta name=\"twitter:data1\" content=\"3 minutes\" \/>\n<script type=\"application\/ld+json\" class=\"yoast-schema-graph\">{\"@context\":\"https:\/\/schema.org\",\"@graph\":[{\"@type\":\"WebPage\",\"@id\":\"https:\/\/construccionesyreformasfran.com\/projects\/\",\"url\":\"https:\/\/construccionesyreformasfran.com\/projects\/\",\"name\":\"Projects - Reformas y construcciones Fran\",\"isPartOf\":{\"@id\":\"https:\/\/construccionesyreformasfran.com\/#website\"},\"primaryImageOfPage\":{\"@id\":\"https:\/\/construccionesyreformasfran.com\/projects\/#primaryimage\"},\"image\":{\"@id\":\"https:\/\/construccionesyreformasfran.com\/projects\/#primaryimage\"},\"thumbnailUrl\":\"https:\/\/construccionesyreformasfran.com\/wp-content\/uploads\/elementor\/thumbs\/habitacion-vacia-iluminada-por-el-sol-con-pisos-de-madera-blanca-y-paredes-neutrales-scaled-rdiadhpv20trjkygdarq1qd7exvtf0z6v0gx407sao.jpg\",\"datePublished\":\"2025-10-08T16:12:41+00:00\",\"dateModified\":\"2025-10-24T14:02:20+00:00\",\"breadcrumb\":{\"@id\":\"https:\/\/construccionesyreformasfran.com\/projects\/#breadcrumb\"},\"inLanguage\":\"en-GB\",\"potentialAction\":[{\"@type\":\"ReadAction\",\"target\":[\"https:\/\/construccionesyreformasfran.com\/projects\/\"]}]},{\"@type\":\"ImageObject\",\"inLanguage\":\"en-GB\",\"@id\":\"https:\/\/construccionesyreformasfran.com\/projects\/#primaryimage\",\"url\":\"https:\/\/construccionesyreformasfran.com\/wp-content\/uploads\/elementor\/thumbs\/habitacion-vacia-iluminada-por-el-sol-con-pisos-de-madera-blanca-y-paredes-neutrales-scaled-rdiadhpv20trjkygdarq1qd7exvtf0z6v0gx407sao.jpg\",\"contentUrl\":\"https:\/\/construccionesyreformasfran.com\/wp-content\/uploads\/elementor\/thumbs\/habitacion-vacia-iluminada-por-el-sol-con-pisos-de-madera-blanca-y-paredes-neutrales-scaled-rdiadhpv20trjkygdarq1qd7exvtf0z6v0gx407sao.jpg\"},{\"@type\":\"BreadcrumbList\",\"@id\":\"https:\/\/construccionesyreformasfran.com\/projects\/#breadcrumb\",\"itemListElement\":[{\"@type\":\"ListItem\",\"position\":1,\"name\":\"Portada\",\"item\":\"https:\/\/construccionesyreformasfran.com\/\"},{\"@type\":\"ListItem\",\"position\":2,\"name\":\"Projects\"}]},{\"@type\":\"WebSite\",\"@id\":\"https:\/\/construccionesyreformasfran.com\/#website\",\"url\":\"https:\/\/construccionesyreformasfran.com\/\",\"name\":\"Reformas y construcciones Fran\",\"description\":\"\",\"publisher\":{\"@id\":\"https:\/\/construccionesyreformasfran.com\/#organization\"},\"potentialAction\":[{\"@type\":\"SearchAction\",\"target\":{\"@type\":\"EntryPoint\",\"urlTemplate\":\"https:\/\/construccionesyreformasfran.com\/?s={search_term_string}\"},\"query-input\":{\"@type\":\"PropertyValueSpecification\",\"valueRequired\":true,\"valueName\":\"search_term_string\"}}],\"inLanguage\":\"en-GB\"},{\"@type\":\"Organization\",\"@id\":\"https:\/\/construccionesyreformasfran.com\/#organization\",\"name\":\"Reformas y construcciones Fran\",\"url\":\"https:\/\/construccionesyreformasfran.com\/\",\"logo\":{\"@type\":\"ImageObject\",\"inLanguage\":\"en-GB\",\"@id\":\"https:\/\/construccionesyreformasfran.com\/#\/schema\/logo\/image\/\",\"url\":\"https:\/\/construccionesyreformasfran.com\/wp-content\/uploads\/2025\/10\/LOGO-FONDO-NEGRO.png\",\"contentUrl\":\"https:\/\/construccionesyreformasfran.com\/wp-content\/uploads\/2025\/10\/LOGO-FONDO-NEGRO.png\",\"width\":1751,\"height\":978,\"caption\":\"Reformas y construcciones Fran\"},\"image\":{\"@id\":\"https:\/\/construccionesyreformasfran.com\/#\/schema\/logo\/image\/\"}}]}<\/script>\n<!-- \/ Yoast SEO plugin. -->","yoast_head_json":{"title":"Projects - Reformas y construcciones Fran","robots":{"index":"index","follow":"follow","max-snippet":"max-snippet:-1","max-image-preview":"max-image-preview:large","max-video-preview":"max-video-preview:-1"},"canonical":"https:\/\/construccionesyreformasfran.com\/en\/projects\/","og_locale":"en_GB","og_type":"article","og_title":"Projects - Reformas y construcciones Fran","og_description":"Nuestros Proyectos Majadahonda Salamanca Retiro Las Rozas Torrelodones Getafe Chamber\u00ed Chamart\u00edn Moncloa Pozuelo de Alarc\u00f3n Torrelodones Villaviciosa de Od\u00f3n","og_url":"https:\/\/construccionesyreformasfran.com\/en\/projects\/","og_site_name":"Reformas y construcciones Fran","article_modified_time":"2025-10-24T14:02:20+00:00","og_image":[{"url":"https:\/\/construccionesyreformasfran.com\/wp-content\/uploads\/elementor\/thumbs\/habitacion-vacia-iluminada-por-el-sol-con-pisos-de-madera-blanca-y-paredes-neutrales-scaled-rdiadhpv20trjkygdarq1qd7exvtf0z6v0gx407sao.jpg","type":"","width":"","height":""}],"twitter_card":"summary_large_image","twitter_misc":{"Estimated reading time":"3 minutes"},"schema":{"@context":"https:\/\/schema.org","@graph":[{"@type":"WebPage","@id":"https:\/\/construccionesyreformasfran.com\/projects\/","url":"https:\/\/construccionesyreformasfran.com\/projects\/","name":"Projects - Reformas y construcciones Fran","isPartOf":{"@id":"https:\/\/construccionesyreformasfran.com\/#website"},"primaryImageOfPage":{"@id":"https:\/\/construccionesyreformasfran.com\/projects\/#primaryimage"},"image":{"@id":"https:\/\/construccionesyreformasfran.com\/projects\/#primaryimage"},"thumbnailUrl":"https:\/\/construccionesyreformasfran.com\/wp-content\/uploads\/elementor\/thumbs\/habitacion-vacia-iluminada-por-el-sol-con-pisos-de-madera-blanca-y-paredes-neutrales-scaled-rdiadhpv20trjkygdarq1qd7exvtf0z6v0gx407sao.jpg","datePublished":"2025-10-08T16:12:41+00:00","dateModified":"2025-10-24T14:02:20+00:00","breadcrumb":{"@id":"https:\/\/construccionesyreformasfran.com\/projects\/#breadcrumb"},"inLanguage":"en-GB","potentialAction":[{"@type":"ReadAction","target":["https:\/\/construccionesyreformasfran.com\/projects\/"]}]},{"@type":"ImageObject","inLanguage":"en-GB","@id":"https:\/\/construccionesyreformasfran.com\/projects\/#primaryimage","url":"https:\/\/construccionesyreformasfran.com\/wp-content\/uploads\/elementor\/thumbs\/habitacion-vacia-iluminada-por-el-sol-con-pisos-de-madera-blanca-y-paredes-neutrales-scaled-rdiadhpv20trjkygdarq1qd7exvtf0z6v0gx407sao.jpg","contentUrl":"https:\/\/construccionesyreformasfran.com\/wp-content\/uploads\/elementor\/thumbs\/habitacion-vacia-iluminada-por-el-sol-con-pisos-de-madera-blanca-y-paredes-neutrales-scaled-rdiadhpv20trjkygdarq1qd7exvtf0z6v0gx407sao.jpg"},{"@type":"BreadcrumbList","@id":"https:\/\/construccionesyreformasfran.com\/projects\/#breadcrumb","itemListElement":[{"@type":"ListItem","position":1,"name":"Portada","item":"https:\/\/construccionesyreformasfran.com\/"},{"@type":"ListItem","position":2,"name":"Projects"}]},{"@type":"WebSite","@id":"https:\/\/construccionesyreformasfran.com\/#website","url":"https:\/\/construccionesyreformasfran.com\/","name":"Reformas y construcciones Fran","description":"","publisher":{"@id":"https:\/\/construccionesyreformasfran.com\/#organization"},"potentialAction":[{"@type":"SearchAction","target":{"@type":"EntryPoint","urlTemplate":"https:\/\/construccionesyreformasfran.com\/?s={search_term_string}"},"query-input":{"@type":"PropertyValueSpecification","valueRequired":true,"valueName":"search_term_string"}}],"inLanguage":"en-GB"},{"@type":"Organization","@id":"https:\/\/construccionesyreformasfran.com\/#organization","name":"Reformas y construcciones Fran","url":"https:\/\/construccionesyreformasfran.com\/","logo":{"@type":"ImageObject","inLanguage":"en-GB","@id":"https:\/\/construccionesyreformasfran.com\/#\/schema\/logo\/image\/","url":"https:\/\/construccionesyreformasfran.com\/wp-content\/uploads\/2025\/10\/LOGO-FONDO-NEGRO.png","contentUrl":"https:\/\/construccionesyreformasfran.com\/wp-content\/uploads\/2025\/10\/LOGO-FONDO-NEGRO.png","width":1751,"height":978,"caption":"Reformas y construcciones Fran"},"image":{"@id":"https:\/\/construccionesyreformasfran.com\/#\/schema\/logo\/image\/"}}]}},"_hostinger_reach_plugin_has_subscription_block":false,"_hostinger_reach_plugin_is_elementor":false,"_links":{"self":[{"href":"https:\/\/construccionesyreformasfran.com\/en\/wp-json\/wp\/v2\/pages\/16","targetHints":{"allow":["GET"]}}],"collection":[{"href":"https:\/\/construccionesyreformasfran.com\/en\/wp-json\/wp\/v2\/pages"}],"about":[{"href":"https:\/\/construccionesyreformasfran.com\/en\/wp-json\/wp\/v2\/types\/page"}],"author":[{"embeddable":true,"href":"https:\/\/construccionesyreformasfran.com\/en\/wp-json\/wp\/v2\/users\/1"}],"replies":[{"embeddable":true,"href":"https:\/\/construccionesyreformasfran.com\/en\/wp-json\/wp\/v2\/comments?post=16"}],"version-history":[{"count":27,"href":"https:\/\/construccionesyreformasfran.com\/en\/wp-json\/wp\/v2\/pages\/16\/revisions"}],"predecessor-version":[{"id":817,"href":"https:\/\/construccionesyreformasfran.com\/en\/wp-json\/wp\/v2\/pages\/16\/revisions\/817"}],"wp:attachment":[{"href":"https:\/\/construccionesyreformasfran.com\/en\/wp-json\/wp\/v2\/media?parent=16"}],"curies":[{"name":"wp","href":"https:\/\/api.w.org\/{rel}","templated":true}]}}